{"id":7137,"date":"2020-09-20T11:36:17","date_gmt":"2020-09-20T09:36:17","guid":{"rendered":"https:\/\/meestersvanhetrealisme.must.media\/accueil\/"},"modified":"2026-02-10T11:05:06","modified_gmt":"2026-02-10T10:05:06","slug":"accueil","status":"publish","type":"page","link":"https:\/\/mastersofrealism.be\/fr\/","title":{"rendered":"Accueil"},"content":{"rendered":"\t\t<div data-elementor-type=\"wp-page\" data-elementor-id=\"7137\" class=\"elementor elementor-7137 elementor-58\" data-elementor-post-type=\"page\">\n\t\t\t\t<div class=\"elementor-element elementor-element-47c6c89 e-flex e-con-boxed e-con e-parent\" data-id=\"47c6c89\" data-element_type=\"container\" data-e-type=\"container\" data-settings=\"{&quot;background_background&quot;:&quot;classic&quot;,&quot;jet_parallax_layout_list&quot;:[]}\">\n\t\t\t\t\t<div class=\"e-con-inner\">\n\t\t<div class=\"elementor-element elementor-element-1f9b9c3 e-con-full e-flex e-con e-child\" data-id=\"1f9b9c3\" data-element_type=\"container\" data-e-type=\"container\" data-settings=\"{&quot;jet_parallax_layout_list&quot;:[]}\">\n\t\t\t\t<div class=\"elementor-element elementor-element-bd22452 elementor-widget elementor-widget-text-editor\" data-id=\"bd22452\" data-element_type=\"widget\" data-e-type=\"widget\" data-widget_type=\"text-editor.default\">\n\t\t\t\t<div class=\"elementor-widget-container\">\n\t\t\t\t\t\t\t\t\t<p><em>Masters of Realism Belgium<\/em> a d\u00e9m\u00e9nag\u00e9 sur <a style=\"color: #fff; text-decoration: underline;\" href=\"https:\/\/mastersofrealism.com\/\">mastersofrealism.com.<\/a><\/p>\t\t\t\t\t\t\t\t<\/div>\n\t\t\t\t<\/div>\n\t\t\t\t<\/div>\n\t\t\t\t\t<\/div>\n\t\t\t\t<\/div>\n\t\t<div class=\"elementor-element elementor-element-234a68a e-flex e-con-boxed e-con e-parent\" data-id=\"234a68a\" data-element_type=\"container\" data-e-type=\"container\" data-settings=\"{&quot;jet_parallax_layout_list&quot;:[]}\">\n\t\t\t\t\t<div class=\"e-con-inner\">\n\t\t\t\t<div class=\"elementor-element elementor-element-1db2da3 elementor-align-center elementor-widget elementor-widget-button\" data-id=\"1db2da3\" data-element_type=\"widget\" data-e-type=\"widget\" data-widget_type=\"button.default\">\n\t\t\t\t<div class=\"elementor-widget-container\">\n\t\t\t\t\t\t\t\t\t<div class=\"elementor-button-wrapper\">\n\t\t\t\t\t<a class=\"elementor-button elementor-button-link elementor-size-sm\" href=\"https:\/\/mastersofrealism.com\/\">\n\t\t\t\t\t\t<span class=\"elementor-button-content-wrapper\">\n\t\t\t\t\t\t\t\t\t<span class=\"elementor-button-text\">Vers le nouveau site web &gt;&gt;<\/span>\n\t\t\t\t\t<\/span>\n\t\t\t\t\t<\/a>\n\t\t\t\t<\/div>\n\t\t\t\t\t\t\t\t<\/div>\n\t\t\t\t<\/div>\n\t\t\t\t\t<\/div>\n\t\t\t\t<\/div>\n\t\t\t\t<\/div>\n\t\t","protected":false},"excerpt":{"rendered":"<p>Masters of Realism Belgium a d\u00e9m\u00e9nag\u00e9 sur mastersofrealism.com. Vers le nouveau site web &gt;&gt;<\/p>\n","protected":false},"author":2,"featured_media":0,"parent":0,"menu_order":0,"comment_status":"closed","ping_status":"closed","template":"full-width.php","meta":{"_acf_changed":false,"footnotes":""},"class_list":["post-7137","page","type-page","status-publish","hentry"],"acf":[],"yoast_head":"<!-- This site is optimized with the Yoast SEO plugin v27.5 - https:\/\/yoast.com\/product\/yoast-seo-wordpress\/ -->\n<title>Accueil - Meesters van het Realisme Belgi\u00eb<\/title>\n<meta name=\"robots\" content=\"index, follow, max-snippet:-1, max-image-preview:large, max-video-preview:-1\" \/>\n<link rel=\"canonical\" href=\"https:\/\/mastersofrealism.be\/fr\/accueil\/\" \/>\n<meta property=\"og:locale\" content=\"fr_FR\" \/>\n<meta property=\"og:type\" content=\"article\" \/>\n<meta property=\"og:title\" content=\"Accueil - Meesters van het Realisme Belgi\u00eb\" \/>\n<meta property=\"og:description\" content=\"Masters of Realism Belgium a d\u00e9m\u00e9nag\u00e9 sur mastersofrealism.com. Vers le nouveau site web &gt;&gt;\" \/>\n<meta property=\"og:url\" content=\"https:\/\/mastersofrealism.be\/fr\/accueil\/\" \/>\n<meta property=\"og:site_name\" content=\"Meesters van het Realisme Belgi\u00eb\" \/>\n<meta property=\"article:modified_time\" content=\"2026-02-10T10:05:06+00:00\" \/>\n<meta property=\"og:image\" content=\"https:\/\/mastersofrealism.be\/wp-content\/uploads\/2023\/11\/cropped-Logo-meesters-van-het-realisme-1-e1701774067476.png\" \/>\n\t<meta property=\"og:image:width\" content=\"506\" \/>\n\t<meta property=\"og:image:height\" content=\"318\" \/>\n\t<meta property=\"og:image:type\" content=\"image\/png\" \/>\n<meta name=\"twitter:card\" content=\"summary_large_image\" \/>\n<script type=\"application\/ld+json\" class=\"yoast-schema-graph\">{\"@context\":\"https:\\\/\\\/schema.org\",\"@graph\":[{\"@type\":\"WebPage\",\"@id\":\"https:\\\/\\\/mastersofrealism.be\\\/fr\\\/accueil\\\/\",\"url\":\"https:\\\/\\\/mastersofrealism.be\\\/fr\\\/accueil\\\/\",\"name\":\"Accueil - Meesters van het Realisme Belgi\u00eb\",\"isPartOf\":{\"@id\":\"https:\\\/\\\/mastersofrealism.be\\\/#website\"},\"datePublished\":\"2020-09-20T09:36:17+00:00\",\"dateModified\":\"2026-02-10T10:05:06+00:00\",\"breadcrumb\":{\"@id\":\"https:\\\/\\\/mastersofrealism.be\\\/fr\\\/accueil\\\/#breadcrumb\"},\"inLanguage\":\"fr-FR\",\"potentialAction\":[{\"@type\":\"ReadAction\",\"target\":[\"https:\\\/\\\/mastersofrealism.be\\\/fr\\\/accueil\\\/\"]}]},{\"@type\":\"BreadcrumbList\",\"@id\":\"https:\\\/\\\/mastersofrealism.be\\\/fr\\\/accueil\\\/#breadcrumb\",\"itemListElement\":[{\"@type\":\"ListItem\",\"position\":1,\"name\":\"Accueil\",\"item\":\"https:\\\/\\\/mastersofrealism.be\\\/fr\\\/accueil\\\/\"},{\"@type\":\"ListItem\",\"position\":2,\"name\":\"Accueil\"}]},{\"@type\":\"WebSite\",\"@id\":\"https:\\\/\\\/mastersofrealism.be\\\/#website\",\"url\":\"https:\\\/\\\/mastersofrealism.be\\\/\",\"name\":\"Meesters van het Realisme\",\"description\":\"\",\"publisher\":{\"@id\":\"https:\\\/\\\/mastersofrealism.be\\\/#organization\"},\"potentialAction\":[{\"@type\":\"SearchAction\",\"target\":{\"@type\":\"EntryPoint\",\"urlTemplate\":\"https:\\\/\\\/mastersofrealism.be\\\/?s={search_term_string}\"},\"query-input\":{\"@type\":\"PropertyValueSpecification\",\"valueRequired\":true,\"valueName\":\"search_term_string\"}}],\"inLanguage\":\"fr-FR\"},{\"@type\":\"Organization\",\"@id\":\"https:\\\/\\\/mastersofrealism.be\\\/#organization\",\"name\":\"Les acteurs du r\u00e9alisme\",\"url\":\"https:\\\/\\\/mastersofrealism.be\\\/\",\"logo\":{\"@type\":\"ImageObject\",\"inLanguage\":\"fr-FR\",\"@id\":\"https:\\\/\\\/mastersofrealism.be\\\/#\\\/schema\\\/logo\\\/image\\\/\",\"url\":\"https:\\\/\\\/mastersofrealism.be\\\/wp-content\\\/uploads\\\/2023\\\/11\\\/cropped-Logo-meesters-van-het-realisme-1-e1701774067476.png\",\"contentUrl\":\"https:\\\/\\\/mastersofrealism.be\\\/wp-content\\\/uploads\\\/2023\\\/11\\\/cropped-Logo-meesters-van-het-realisme-1-e1701774067476.png\",\"width\":506,\"height\":318,\"caption\":\"Les acteurs du r\u00e9alisme\"},\"image\":{\"@id\":\"https:\\\/\\\/mastersofrealism.be\\\/#\\\/schema\\\/logo\\\/image\\\/\"}}]}<\/script>\n<!-- \/ Yoast SEO plugin. -->","yoast_head_json":{"title":"Accueil - Meesters van het Realisme Belgi\u00eb","robots":{"index":"index","follow":"follow","max-snippet":"max-snippet:-1","max-image-preview":"max-image-preview:large","max-video-preview":"max-video-preview:-1"},"canonical":"https:\/\/mastersofrealism.be\/fr\/accueil\/","og_locale":"fr_FR","og_type":"article","og_title":"Accueil - Meesters van het Realisme Belgi\u00eb","og_description":"Masters of Realism Belgium a d\u00e9m\u00e9nag\u00e9 sur mastersofrealism.com. Vers le nouveau site web &gt;&gt;","og_url":"https:\/\/mastersofrealism.be\/fr\/accueil\/","og_site_name":"Meesters van het Realisme Belgi\u00eb","article_modified_time":"2026-02-10T10:05:06+00:00","og_image":[{"width":506,"height":318,"url":"https:\/\/mastersofrealism.be\/wp-content\/uploads\/2023\/11\/cropped-Logo-meesters-van-het-realisme-1-e1701774067476.png","type":"image\/png"}],"twitter_card":"summary_large_image","schema":{"@context":"https:\/\/schema.org","@graph":[{"@type":"WebPage","@id":"https:\/\/mastersofrealism.be\/fr\/accueil\/","url":"https:\/\/mastersofrealism.be\/fr\/accueil\/","name":"Accueil - Meesters van het Realisme Belgi\u00eb","isPartOf":{"@id":"https:\/\/mastersofrealism.be\/#website"},"datePublished":"2020-09-20T09:36:17+00:00","dateModified":"2026-02-10T10:05:06+00:00","breadcrumb":{"@id":"https:\/\/mastersofrealism.be\/fr\/accueil\/#breadcrumb"},"inLanguage":"fr-FR","potentialAction":[{"@type":"ReadAction","target":["https:\/\/mastersofrealism.be\/fr\/accueil\/"]}]},{"@type":"BreadcrumbList","@id":"https:\/\/mastersofrealism.be\/fr\/accueil\/#breadcrumb","itemListElement":[{"@type":"ListItem","position":1,"name":"Accueil","item":"https:\/\/mastersofrealism.be\/fr\/accueil\/"},{"@type":"ListItem","position":2,"name":"Accueil"}]},{"@type":"WebSite","@id":"https:\/\/mastersofrealism.be\/#website","url":"https:\/\/mastersofrealism.be\/","name":"Meesters van het Realisme","description":"","publisher":{"@id":"https:\/\/mastersofrealism.be\/#organization"},"potentialAction":[{"@type":"SearchAction","target":{"@type":"EntryPoint","urlTemplate":"https:\/\/mastersofrealism.be\/?s={search_term_string}"},"query-input":{"@type":"PropertyValueSpecification","valueRequired":true,"valueName":"search_term_string"}}],"inLanguage":"fr-FR"},{"@type":"Organization","@id":"https:\/\/mastersofrealism.be\/#organization","name":"Les acteurs du r\u00e9alisme","url":"https:\/\/mastersofrealism.be\/","logo":{"@type":"ImageObject","inLanguage":"fr-FR","@id":"https:\/\/mastersofrealism.be\/#\/schema\/logo\/image\/","url":"https:\/\/mastersofrealism.be\/wp-content\/uploads\/2023\/11\/cropped-Logo-meesters-van-het-realisme-1-e1701774067476.png","contentUrl":"https:\/\/mastersofrealism.be\/wp-content\/uploads\/2023\/11\/cropped-Logo-meesters-van-het-realisme-1-e1701774067476.png","width":506,"height":318,"caption":"Les acteurs du r\u00e9alisme"},"image":{"@id":"https:\/\/mastersofrealism.be\/#\/schema\/logo\/image\/"}}]}},"_links":{"self":[{"href":"https:\/\/mastersofrealism.be\/fr\/wp-json\/wp\/v2\/pages\/7137","targetHints":{"allow":["GET"]}}],"collection":[{"href":"https:\/\/mastersofrealism.be\/fr\/wp-json\/wp\/v2\/pages"}],"about":[{"href":"https:\/\/mastersofrealism.be\/fr\/wp-json\/wp\/v2\/types\/page"}],"author":[{"embeddable":true,"href":"https:\/\/mastersofrealism.be\/fr\/wp-json\/wp\/v2\/users\/2"}],"replies":[{"embeddable":true,"href":"https:\/\/mastersofrealism.be\/fr\/wp-json\/wp\/v2\/comments?post=7137"}],"version-history":[{"count":5,"href":"https:\/\/mastersofrealism.be\/fr\/wp-json\/wp\/v2\/pages\/7137\/revisions"}],"predecessor-version":[{"id":9812,"href":"https:\/\/mastersofrealism.be\/fr\/wp-json\/wp\/v2\/pages\/7137\/revisions\/9812"}],"wp:attachment":[{"href":"https:\/\/mastersofrealism.be\/fr\/wp-json\/wp\/v2\/media?parent=7137"}],"curies":[{"name":"wp","href":"https:\/\/api.w.org\/{rel}","templated":true}]}}